{"id":32343,"date":"2026-01-25T13:13:40","date_gmt":"2026-01-25T11:13:40","guid":{"rendered":"https:\/\/www.marmo-liandiki.gr\/product\/router-gia-cnc-o-22-ch35\/"},"modified":"2026-04-29T12:35:33","modified_gmt":"2026-04-29T09:35:33","slug":"router-gia-cnc-o-22-ch35","status":"publish","type":"product","link":"https:\/\/www.marmo-liandiki.gr\/en\/product\/router-gia-cnc-o-22-ch35\/","title":{"rendered":"CNC Router Bit \u00d822 \u00d7 35 mm"},"content":{"rendered":"","protected":false},"excerpt":{"rendered":"<p>High-quality CNC router bit \u00d822 \u00d7 35 mm designed for precise cutting, shaping, and profiling. Suitable for marble, stone, and similar materials, it ensures accurate performance, clean edges, and long service life in professional CNC applications.<\/p>\n","protected":false},"featured_media":0,"template":"","meta":[],"product_brand":[],"product_cat":[255,201],"product_tag":[],"class_list":{"0":"post-32343","1":"product","2":"type-product","3":"status-publish","5":"product_cat-exartimata","6":"product_cat-ergaleia","8":"first","9":"instock","10":"product-type-simple"},"yoast_head":"<!-- This site is optimized with the Yoast SEO plugin v27.5 - https:\/\/yoast.com\/product\/yoast-seo-wordpress\/ -->\n<title>CNC Router Bit \u00d822 \u00d7 35 mm | \u039c\u0391\u03a1\u039c\u039f-\u039b\u0395\u0399\u0391\u039d\u03a4\u0399\u039a\u0397 \u039a\u039f\u03a1\u03a4\u0399\u039d\u0391\u03a3 \u0391\u0398. \u0399\u03a9\u0391\u039d\u039d\u0397\u03a3<\/title>\n<meta name=\"robots\" content=\"index, follow, max-snippet:-1, max-image-preview:large, max-video-preview:-1\" \/>\n<link rel=\"canonical\" href=\"https:\/\/www.marmo-liandiki.gr\/en\/product\/router-gia-cnc-o-22-ch35\/\" \/>\n<meta property=\"og:locale\" content=\"en_US\" \/>\n<meta property=\"og:type\" content=\"article\" \/>\n<meta property=\"og:title\" content=\"CNC Router Bit \u00d822 \u00d7 35 mm | \u039c\u0391\u03a1\u039c\u039f-\u039b\u0395\u0399\u0391\u039d\u03a4\u0399\u039a\u0397 \u039a\u039f\u03a1\u03a4\u0399\u039d\u0391\u03a3 \u0391\u0398. \u0399\u03a9\u0391\u039d\u039d\u0397\u03a3\" \/>\n<meta property=\"og:description\" content=\"High-quality CNC router bit \u00d822 \u00d7 35 mm designed for precise cutting, shaping, and profiling. Suitable for marble, stone, and similar materials, it ensures accurate performance, clean edges, and long service life in professional CNC applications.\" \/>\n<meta property=\"og:url\" content=\"https:\/\/www.marmo-liandiki.gr\/en\/product\/router-gia-cnc-o-22-ch35\/\" \/>\n<meta property=\"og:site_name\" content=\"\u039c\u0391\u03a1\u039c\u039f-\u039b\u0395\u0399\u0391\u039d\u03a4\u0399\u039a\u0397 \u039a\u039f\u03a1\u03a4\u0399\u039d\u0391\u03a3 \u0391\u0398. \u0399\u03a9\u0391\u039d\u039d\u0397\u03a3\" \/>\n<meta property=\"article:modified_time\" content=\"2026-04-29T09:35:33+00:00\" \/>\n<meta property=\"og:image\" content=\"https:\/\/www.marmo-liandiki.gr\/wp-content\/uploads\/2026\/01\/marmo-liandiki-logo-bg.jpg\" \/>\n\t<meta property=\"og:image:width\" content=\"1000\" \/>\n\t<meta property=\"og:image:height\" content=\"1000\" \/>\n\t<meta property=\"og:image:type\" content=\"image\/jpeg\" \/>\n<meta name=\"twitter:card\" content=\"summary_large_image\" \/>\n<script type=\"application\/ld+json\" class=\"yoast-schema-graph\">{\"@context\":\"https:\\\/\\\/schema.org\",\"@graph\":[{\"@type\":\"WebPage\",\"@id\":\"https:\\\/\\\/www.marmo-liandiki.gr\\\/en\\\/product\\\/router-gia-cnc-o-22-ch35\\\/\",\"url\":\"https:\\\/\\\/www.marmo-liandiki.gr\\\/en\\\/product\\\/router-gia-cnc-o-22-ch35\\\/\",\"name\":\"CNC Router Bit \u00d822 \u00d7 35 mm | \u039c\u0391\u03a1\u039c\u039f-\u039b\u0395\u0399\u0391\u039d\u03a4\u0399\u039a\u0397 \u039a\u039f\u03a1\u03a4\u0399\u039d\u0391\u03a3 \u0391\u0398. \u0399\u03a9\u0391\u039d\u039d\u0397\u03a3\",\"isPartOf\":{\"@id\":\"https:\\\/\\\/www.marmo-liandiki.gr\\\/en\\\/#website\"},\"datePublished\":\"2026-01-25T11:13:40+00:00\",\"dateModified\":\"2026-04-29T09:35:33+00:00\",\"breadcrumb\":{\"@id\":\"https:\\\/\\\/www.marmo-liandiki.gr\\\/en\\\/product\\\/router-gia-cnc-o-22-ch35\\\/#breadcrumb\"},\"inLanguage\":\"en-US\",\"potentialAction\":[{\"@type\":\"ReadAction\",\"target\":[\"https:\\\/\\\/www.marmo-liandiki.gr\\\/en\\\/product\\\/router-gia-cnc-o-22-ch35\\\/\"]}]},{\"@type\":\"BreadcrumbList\",\"@id\":\"https:\\\/\\\/www.marmo-liandiki.gr\\\/en\\\/product\\\/router-gia-cnc-o-22-ch35\\\/#breadcrumb\",\"itemListElement\":[{\"@type\":\"ListItem\",\"position\":1,\"name\":\"\u0391\u03c1\u03c7\u03b9\u03ba\u03ae\",\"item\":\"https:\\\/\\\/www.marmo-liandiki.gr\\\/en\\\/\"},{\"@type\":\"ListItem\",\"position\":2,\"name\":\"Shop\",\"item\":\"https:\\\/\\\/www.marmo-liandiki.gr\\\/en\\\/shop\\\/\"},{\"@type\":\"ListItem\",\"position\":3,\"name\":\"CNC Router Bit \u00d822 \u00d7 35 mm\"}]},{\"@type\":\"WebSite\",\"@id\":\"https:\\\/\\\/www.marmo-liandiki.gr\\\/en\\\/#website\",\"url\":\"https:\\\/\\\/www.marmo-liandiki.gr\\\/en\\\/\",\"name\":\"\u039c\u0391\u03a1\u039c\u039f-\u039b\u0395\u0399\u0391\u039d\u03a4\u0399\u039a\u0397 \u039a\u039f\u03a1\u03a4\u0399\u039d\u0391\u03a3 \u0391\u0398. \u0399\u03a9\u0391\u039d\u039d\u0397\u03a3\",\"description\":\"\u039b\u0395\u0399\u0391\u039d\u03a3\u0397 \u039c\u0391\u03a1\u039c\u0391\u03a1\u03a9\u039d \u0391\u0398\u0397\u039d\u0391\",\"potentialAction\":[{\"@type\":\"SearchAction\",\"target\":{\"@type\":\"EntryPoint\",\"urlTemplate\":\"https:\\\/\\\/www.marmo-liandiki.gr\\\/en\\\/?s={search_term_string}\"},\"query-input\":{\"@type\":\"PropertyValueSpecification\",\"valueRequired\":true,\"valueName\":\"search_term_string\"}}],\"inLanguage\":\"en-US\"}]}<\/script>\n<!-- \/ Yoast SEO plugin. -->","yoast_head_json":{"title":"CNC Router Bit \u00d822 \u00d7 35 mm | \u039c\u0391\u03a1\u039c\u039f-\u039b\u0395\u0399\u0391\u039d\u03a4\u0399\u039a\u0397 \u039a\u039f\u03a1\u03a4\u0399\u039d\u0391\u03a3 \u0391\u0398. \u0399\u03a9\u0391\u039d\u039d\u0397\u03a3","robots":{"index":"index","follow":"follow","max-snippet":"max-snippet:-1","max-image-preview":"max-image-preview:large","max-video-preview":"max-video-preview:-1"},"canonical":"https:\/\/www.marmo-liandiki.gr\/en\/product\/router-gia-cnc-o-22-ch35\/","og_locale":"en_US","og_type":"article","og_title":"CNC Router Bit \u00d822 \u00d7 35 mm | \u039c\u0391\u03a1\u039c\u039f-\u039b\u0395\u0399\u0391\u039d\u03a4\u0399\u039a\u0397 \u039a\u039f\u03a1\u03a4\u0399\u039d\u0391\u03a3 \u0391\u0398. \u0399\u03a9\u0391\u039d\u039d\u0397\u03a3","og_description":"High-quality CNC router bit \u00d822 \u00d7 35 mm designed for precise cutting, shaping, and profiling. Suitable for marble, stone, and similar materials, it ensures accurate performance, clean edges, and long service life in professional CNC applications.","og_url":"https:\/\/www.marmo-liandiki.gr\/en\/product\/router-gia-cnc-o-22-ch35\/","og_site_name":"\u039c\u0391\u03a1\u039c\u039f-\u039b\u0395\u0399\u0391\u039d\u03a4\u0399\u039a\u0397 \u039a\u039f\u03a1\u03a4\u0399\u039d\u0391\u03a3 \u0391\u0398. \u0399\u03a9\u0391\u039d\u039d\u0397\u03a3","article_modified_time":"2026-04-29T09:35:33+00:00","og_image":[{"width":1000,"height":1000,"url":"https:\/\/www.marmo-liandiki.gr\/wp-content\/uploads\/2026\/01\/marmo-liandiki-logo-bg.jpg","type":"image\/jpeg"}],"twitter_card":"summary_large_image","schema":{"@context":"https:\/\/schema.org","@graph":[{"@type":"WebPage","@id":"https:\/\/www.marmo-liandiki.gr\/en\/product\/router-gia-cnc-o-22-ch35\/","url":"https:\/\/www.marmo-liandiki.gr\/en\/product\/router-gia-cnc-o-22-ch35\/","name":"CNC Router Bit \u00d822 \u00d7 35 mm | \u039c\u0391\u03a1\u039c\u039f-\u039b\u0395\u0399\u0391\u039d\u03a4\u0399\u039a\u0397 \u039a\u039f\u03a1\u03a4\u0399\u039d\u0391\u03a3 \u0391\u0398. \u0399\u03a9\u0391\u039d\u039d\u0397\u03a3","isPartOf":{"@id":"https:\/\/www.marmo-liandiki.gr\/en\/#website"},"datePublished":"2026-01-25T11:13:40+00:00","dateModified":"2026-04-29T09:35:33+00:00","breadcrumb":{"@id":"https:\/\/www.marmo-liandiki.gr\/en\/product\/router-gia-cnc-o-22-ch35\/#breadcrumb"},"inLanguage":"en-US","potentialAction":[{"@type":"ReadAction","target":["https:\/\/www.marmo-liandiki.gr\/en\/product\/router-gia-cnc-o-22-ch35\/"]}]},{"@type":"BreadcrumbList","@id":"https:\/\/www.marmo-liandiki.gr\/en\/product\/router-gia-cnc-o-22-ch35\/#breadcrumb","itemListElement":[{"@type":"ListItem","position":1,"name":"\u0391\u03c1\u03c7\u03b9\u03ba\u03ae","item":"https:\/\/www.marmo-liandiki.gr\/en\/"},{"@type":"ListItem","position":2,"name":"Shop","item":"https:\/\/www.marmo-liandiki.gr\/en\/shop\/"},{"@type":"ListItem","position":3,"name":"CNC Router Bit \u00d822 \u00d7 35 mm"}]},{"@type":"WebSite","@id":"https:\/\/www.marmo-liandiki.gr\/en\/#website","url":"https:\/\/www.marmo-liandiki.gr\/en\/","name":"\u039c\u0391\u03a1\u039c\u039f-\u039b\u0395\u0399\u0391\u039d\u03a4\u0399\u039a\u0397 \u039a\u039f\u03a1\u03a4\u0399\u039d\u0391\u03a3 \u0391\u0398. \u0399\u03a9\u0391\u039d\u039d\u0397\u03a3","description":"\u039b\u0395\u0399\u0391\u039d\u03a3\u0397 \u039c\u0391\u03a1\u039c\u0391\u03a1\u03a9\u039d \u0391\u0398\u0397\u039d\u0391","potentialAction":[{"@type":"SearchAction","target":{"@type":"EntryPoint","urlTemplate":"https:\/\/www.marmo-liandiki.gr\/en\/?s={search_term_string}"},"query-input":{"@type":"PropertyValueSpecification","valueRequired":true,"valueName":"search_term_string"}}],"inLanguage":"en-US"}]}},"_links":{"self":[{"href":"https:\/\/www.marmo-liandiki.gr\/en\/wp-json\/wp\/v2\/product\/32343","targetHints":{"allow":["GET"]}}],"collection":[{"href":"https:\/\/www.marmo-liandiki.gr\/en\/wp-json\/wp\/v2\/product"}],"about":[{"href":"https:\/\/www.marmo-liandiki.gr\/en\/wp-json\/wp\/v2\/types\/product"}],"version-history":[{"count":1,"href":"https:\/\/www.marmo-liandiki.gr\/en\/wp-json\/wp\/v2\/product\/32343\/revisions"}],"predecessor-version":[{"id":33389,"href":"https:\/\/www.marmo-liandiki.gr\/en\/wp-json\/wp\/v2\/product\/32343\/revisions\/33389"}],"wp:attachment":[{"href":"https:\/\/www.marmo-liandiki.gr\/en\/wp-json\/wp\/v2\/media?parent=32343"}],"wp:term":[{"taxonomy":"product_brand","embeddable":true,"href":"https:\/\/www.marmo-liandiki.gr\/en\/wp-json\/wp\/v2\/product_brand?post=32343"},{"taxonomy":"product_cat","embeddable":true,"href":"https:\/\/www.marmo-liandiki.gr\/en\/wp-json\/wp\/v2\/product_cat?post=32343"},{"taxonomy":"product_tag","embeddable":true,"href":"https:\/\/www.marmo-liandiki.gr\/en\/wp-json\/wp\/v2\/product_tag?post=32343"}],"curies":[{"name":"wp","href":"https:\/\/api.w.org\/{rel}","templated":true}]}}