{"id":32294,"date":"2026-01-25T13:13:45","date_gmt":"2026-01-25T11:13:45","guid":{"rendered":"https:\/\/www.marmo-liandiki.gr\/product\/router-vacuum-o8-mm-ch-88l\/"},"modified":"2026-04-29T12:35:23","modified_gmt":"2026-04-29T09:35:23","slug":"router-vacuum-o8-mm-ch-88l","status":"publish","type":"product","link":"https:\/\/www.marmo-liandiki.gr\/en\/product\/router-vacuum-o8-mm-ch-88l\/","title":{"rendered":"Vacuum Brazed Router Bit \u00d88 mm \u00d7 88L"},"content":{"rendered":"","protected":false},"excerpt":{"rendered":"<p>Vacuum brazed router bit \u00d88 mm \u00d7 88L designed for precise drilling, shaping, and detail work. Offers fast cutting performance, high durability, and smooth operation, making it ideal for professional processing of marble and stone materials.<\/p>\n","protected":false},"featured_media":32293,"template":"","meta":[],"product_brand":[],"product_cat":[255,201],"product_tag":[],"class_list":{"0":"post-32294","1":"product","2":"type-product","3":"status-publish","4":"has-post-thumbnail","6":"product_cat-exartimata","7":"product_cat-ergaleia","9":"first","10":"instock","11":"product-type-simple"},"yoast_head":"<!-- This site is optimized with the Yoast SEO plugin v27.5 - https:\/\/yoast.com\/product\/yoast-seo-wordpress\/ -->\n<title>Vacuum Brazed Router Bit \u00d88 mm \u00d7 88L | \u039c\u0391\u03a1\u039c\u039f-\u039b\u0395\u0399\u0391\u039d\u03a4\u0399\u039a\u0397 \u039a\u039f\u03a1\u03a4\u0399\u039d\u0391\u03a3 \u0391\u0398. \u0399\u03a9\u0391\u039d\u039d\u0397\u03a3<\/title>\n<meta name=\"robots\" content=\"index, follow, max-snippet:-1, max-image-preview:large, max-video-preview:-1\" \/>\n<link rel=\"canonical\" href=\"https:\/\/www.marmo-liandiki.gr\/en\/product\/router-vacuum-o8-mm-ch-88l\/\" \/>\n<meta property=\"og:locale\" content=\"en_US\" \/>\n<meta property=\"og:type\" content=\"article\" \/>\n<meta property=\"og:title\" content=\"Vacuum Brazed Router Bit \u00d88 mm \u00d7 88L | \u039c\u0391\u03a1\u039c\u039f-\u039b\u0395\u0399\u0391\u039d\u03a4\u0399\u039a\u0397 \u039a\u039f\u03a1\u03a4\u0399\u039d\u0391\u03a3 \u0391\u0398. \u0399\u03a9\u0391\u039d\u039d\u0397\u03a3\" \/>\n<meta property=\"og:description\" content=\"Vacuum brazed router bit \u00d88 mm \u00d7 88L designed for precise drilling, shaping, and detail work. Offers fast cutting performance, high durability, and smooth operation, making it ideal for professional processing of marble and stone materials.\" \/>\n<meta property=\"og:url\" content=\"https:\/\/www.marmo-liandiki.gr\/en\/product\/router-vacuum-o8-mm-ch-88l\/\" \/>\n<meta property=\"og:site_name\" content=\"\u039c\u0391\u03a1\u039c\u039f-\u039b\u0395\u0399\u0391\u039d\u03a4\u0399\u039a\u0397 \u039a\u039f\u03a1\u03a4\u0399\u039d\u0391\u03a3 \u0391\u0398. \u0399\u03a9\u0391\u039d\u039d\u0397\u03a3\" \/>\n<meta property=\"article:modified_time\" content=\"2026-04-29T09:35:23+00:00\" \/>\n<meta property=\"og:image\" content=\"https:\/\/www.marmo-liandiki.gr\/wp-content\/uploads\/2026\/02\/ANTO9463-Edit.jpg\" \/>\n\t<meta property=\"og:image:width\" content=\"1124\" \/>\n\t<meta property=\"og:image:height\" content=\"761\" \/>\n\t<meta property=\"og:image:type\" content=\"image\/jpeg\" \/>\n<meta name=\"twitter:card\" content=\"summary_large_image\" \/>\n<script type=\"application\/ld+json\" class=\"yoast-schema-graph\">{\"@context\":\"https:\\\/\\\/schema.org\",\"@graph\":[{\"@type\":\"WebPage\",\"@id\":\"https:\\\/\\\/www.marmo-liandiki.gr\\\/en\\\/product\\\/router-vacuum-o8-mm-ch-88l\\\/\",\"url\":\"https:\\\/\\\/www.marmo-liandiki.gr\\\/en\\\/product\\\/router-vacuum-o8-mm-ch-88l\\\/\",\"name\":\"Vacuum Brazed Router Bit \u00d88 mm \u00d7 88L | \u039c\u0391\u03a1\u039c\u039f-\u039b\u0395\u0399\u0391\u039d\u03a4\u0399\u039a\u0397 \u039a\u039f\u03a1\u03a4\u0399\u039d\u0391\u03a3 \u0391\u0398. \u0399\u03a9\u0391\u039d\u039d\u0397\u03a3\",\"isPartOf\":{\"@id\":\"https:\\\/\\\/www.marmo-liandiki.gr\\\/en\\\/#website\"},\"primaryImageOfPage\":{\"@id\":\"https:\\\/\\\/www.marmo-liandiki.gr\\\/en\\\/product\\\/router-vacuum-o8-mm-ch-88l\\\/#primaryimage\"},\"image\":{\"@id\":\"https:\\\/\\\/www.marmo-liandiki.gr\\\/en\\\/product\\\/router-vacuum-o8-mm-ch-88l\\\/#primaryimage\"},\"thumbnailUrl\":\"https:\\\/\\\/www.marmo-liandiki.gr\\\/wp-content\\\/uploads\\\/2026\\\/02\\\/ANTO9463-Edit.jpg\",\"datePublished\":\"2026-01-25T11:13:45+00:00\",\"dateModified\":\"2026-04-29T09:35:23+00:00\",\"breadcrumb\":{\"@id\":\"https:\\\/\\\/www.marmo-liandiki.gr\\\/en\\\/product\\\/router-vacuum-o8-mm-ch-88l\\\/#breadcrumb\"},\"inLanguage\":\"en-US\",\"potentialAction\":[{\"@type\":\"ReadAction\",\"target\":[\"https:\\\/\\\/www.marmo-liandiki.gr\\\/en\\\/product\\\/router-vacuum-o8-mm-ch-88l\\\/\"]}]},{\"@type\":\"ImageObject\",\"inLanguage\":\"en-US\",\"@id\":\"https:\\\/\\\/www.marmo-liandiki.gr\\\/en\\\/product\\\/router-vacuum-o8-mm-ch-88l\\\/#primaryimage\",\"url\":\"https:\\\/\\\/www.marmo-liandiki.gr\\\/wp-content\\\/uploads\\\/2026\\\/02\\\/ANTO9463-Edit.jpg\",\"contentUrl\":\"https:\\\/\\\/www.marmo-liandiki.gr\\\/wp-content\\\/uploads\\\/2026\\\/02\\\/ANTO9463-Edit.jpg\",\"width\":1124,\"height\":761},{\"@type\":\"BreadcrumbList\",\"@id\":\"https:\\\/\\\/www.marmo-liandiki.gr\\\/en\\\/product\\\/router-vacuum-o8-mm-ch-88l\\\/#breadcrumb\",\"itemListElement\":[{\"@type\":\"ListItem\",\"position\":1,\"name\":\"\u0391\u03c1\u03c7\u03b9\u03ba\u03ae\",\"item\":\"https:\\\/\\\/www.marmo-liandiki.gr\\\/en\\\/\"},{\"@type\":\"ListItem\",\"position\":2,\"name\":\"Shop\",\"item\":\"https:\\\/\\\/www.marmo-liandiki.gr\\\/en\\\/shop\\\/\"},{\"@type\":\"ListItem\",\"position\":3,\"name\":\"Vacuum Brazed Router Bit \u00d88 mm \u00d7 88L\"}]},{\"@type\":\"WebSite\",\"@id\":\"https:\\\/\\\/www.marmo-liandiki.gr\\\/en\\\/#website\",\"url\":\"https:\\\/\\\/www.marmo-liandiki.gr\\\/en\\\/\",\"name\":\"\u039c\u0391\u03a1\u039c\u039f-\u039b\u0395\u0399\u0391\u039d\u03a4\u0399\u039a\u0397 \u039a\u039f\u03a1\u03a4\u0399\u039d\u0391\u03a3 \u0391\u0398. \u0399\u03a9\u0391\u039d\u039d\u0397\u03a3\",\"description\":\"\u039b\u0395\u0399\u0391\u039d\u03a3\u0397 \u039c\u0391\u03a1\u039c\u0391\u03a1\u03a9\u039d \u0391\u0398\u0397\u039d\u0391\",\"potentialAction\":[{\"@type\":\"SearchAction\",\"target\":{\"@type\":\"EntryPoint\",\"urlTemplate\":\"https:\\\/\\\/www.marmo-liandiki.gr\\\/en\\\/?s={search_term_string}\"},\"query-input\":{\"@type\":\"PropertyValueSpecification\",\"valueRequired\":true,\"valueName\":\"search_term_string\"}}],\"inLanguage\":\"en-US\"}]}<\/script>\n<!-- \/ Yoast SEO plugin. -->","yoast_head_json":{"title":"Vacuum Brazed Router Bit \u00d88 mm \u00d7 88L | \u039c\u0391\u03a1\u039c\u039f-\u039b\u0395\u0399\u0391\u039d\u03a4\u0399\u039a\u0397 \u039a\u039f\u03a1\u03a4\u0399\u039d\u0391\u03a3 \u0391\u0398. \u0399\u03a9\u0391\u039d\u039d\u0397\u03a3","robots":{"index":"index","follow":"follow","max-snippet":"max-snippet:-1","max-image-preview":"max-image-preview:large","max-video-preview":"max-video-preview:-1"},"canonical":"https:\/\/www.marmo-liandiki.gr\/en\/product\/router-vacuum-o8-mm-ch-88l\/","og_locale":"en_US","og_type":"article","og_title":"Vacuum Brazed Router Bit \u00d88 mm \u00d7 88L | \u039c\u0391\u03a1\u039c\u039f-\u039b\u0395\u0399\u0391\u039d\u03a4\u0399\u039a\u0397 \u039a\u039f\u03a1\u03a4\u0399\u039d\u0391\u03a3 \u0391\u0398. \u0399\u03a9\u0391\u039d\u039d\u0397\u03a3","og_description":"Vacuum brazed router bit \u00d88 mm \u00d7 88L designed for precise drilling, shaping, and detail work. Offers fast cutting performance, high durability, and smooth operation, making it ideal for professional processing of marble and stone materials.","og_url":"https:\/\/www.marmo-liandiki.gr\/en\/product\/router-vacuum-o8-mm-ch-88l\/","og_site_name":"\u039c\u0391\u03a1\u039c\u039f-\u039b\u0395\u0399\u0391\u039d\u03a4\u0399\u039a\u0397 \u039a\u039f\u03a1\u03a4\u0399\u039d\u0391\u03a3 \u0391\u0398. \u0399\u03a9\u0391\u039d\u039d\u0397\u03a3","article_modified_time":"2026-04-29T09:35:23+00:00","og_image":[{"width":1124,"height":761,"url":"https:\/\/www.marmo-liandiki.gr\/wp-content\/uploads\/2026\/02\/ANTO9463-Edit.jpg","type":"image\/jpeg"}],"twitter_card":"summary_large_image","schema":{"@context":"https:\/\/schema.org","@graph":[{"@type":"WebPage","@id":"https:\/\/www.marmo-liandiki.gr\/en\/product\/router-vacuum-o8-mm-ch-88l\/","url":"https:\/\/www.marmo-liandiki.gr\/en\/product\/router-vacuum-o8-mm-ch-88l\/","name":"Vacuum Brazed Router Bit \u00d88 mm \u00d7 88L | \u039c\u0391\u03a1\u039c\u039f-\u039b\u0395\u0399\u0391\u039d\u03a4\u0399\u039a\u0397 \u039a\u039f\u03a1\u03a4\u0399\u039d\u0391\u03a3 \u0391\u0398. \u0399\u03a9\u0391\u039d\u039d\u0397\u03a3","isPartOf":{"@id":"https:\/\/www.marmo-liandiki.gr\/en\/#website"},"primaryImageOfPage":{"@id":"https:\/\/www.marmo-liandiki.gr\/en\/product\/router-vacuum-o8-mm-ch-88l\/#primaryimage"},"image":{"@id":"https:\/\/www.marmo-liandiki.gr\/en\/product\/router-vacuum-o8-mm-ch-88l\/#primaryimage"},"thumbnailUrl":"https:\/\/www.marmo-liandiki.gr\/wp-content\/uploads\/2026\/02\/ANTO9463-Edit.jpg","datePublished":"2026-01-25T11:13:45+00:00","dateModified":"2026-04-29T09:35:23+00:00","breadcrumb":{"@id":"https:\/\/www.marmo-liandiki.gr\/en\/product\/router-vacuum-o8-mm-ch-88l\/#breadcrumb"},"inLanguage":"en-US","potentialAction":[{"@type":"ReadAction","target":["https:\/\/www.marmo-liandiki.gr\/en\/product\/router-vacuum-o8-mm-ch-88l\/"]}]},{"@type":"ImageObject","inLanguage":"en-US","@id":"https:\/\/www.marmo-liandiki.gr\/en\/product\/router-vacuum-o8-mm-ch-88l\/#primaryimage","url":"https:\/\/www.marmo-liandiki.gr\/wp-content\/uploads\/2026\/02\/ANTO9463-Edit.jpg","contentUrl":"https:\/\/www.marmo-liandiki.gr\/wp-content\/uploads\/2026\/02\/ANTO9463-Edit.jpg","width":1124,"height":761},{"@type":"BreadcrumbList","@id":"https:\/\/www.marmo-liandiki.gr\/en\/product\/router-vacuum-o8-mm-ch-88l\/#breadcrumb","itemListElement":[{"@type":"ListItem","position":1,"name":"\u0391\u03c1\u03c7\u03b9\u03ba\u03ae","item":"https:\/\/www.marmo-liandiki.gr\/en\/"},{"@type":"ListItem","position":2,"name":"Shop","item":"https:\/\/www.marmo-liandiki.gr\/en\/shop\/"},{"@type":"ListItem","position":3,"name":"Vacuum Brazed Router Bit \u00d88 mm \u00d7 88L"}]},{"@type":"WebSite","@id":"https:\/\/www.marmo-liandiki.gr\/en\/#website","url":"https:\/\/www.marmo-liandiki.gr\/en\/","name":"\u039c\u0391\u03a1\u039c\u039f-\u039b\u0395\u0399\u0391\u039d\u03a4\u0399\u039a\u0397 \u039a\u039f\u03a1\u03a4\u0399\u039d\u0391\u03a3 \u0391\u0398. \u0399\u03a9\u0391\u039d\u039d\u0397\u03a3","description":"\u039b\u0395\u0399\u0391\u039d\u03a3\u0397 \u039c\u0391\u03a1\u039c\u0391\u03a1\u03a9\u039d \u0391\u0398\u0397\u039d\u0391","potentialAction":[{"@type":"SearchAction","target":{"@type":"EntryPoint","urlTemplate":"https:\/\/www.marmo-liandiki.gr\/en\/?s={search_term_string}"},"query-input":{"@type":"PropertyValueSpecification","valueRequired":true,"valueName":"search_term_string"}}],"inLanguage":"en-US"}]}},"_links":{"self":[{"href":"https:\/\/www.marmo-liandiki.gr\/en\/wp-json\/wp\/v2\/product\/32294","targetHints":{"allow":["GET"]}}],"collection":[{"href":"https:\/\/www.marmo-liandiki.gr\/en\/wp-json\/wp\/v2\/product"}],"about":[{"href":"https:\/\/www.marmo-liandiki.gr\/en\/wp-json\/wp\/v2\/types\/product"}],"version-history":[{"count":1,"href":"https:\/\/www.marmo-liandiki.gr\/en\/wp-json\/wp\/v2\/product\/32294\/revisions"}],"predecessor-version":[{"id":33347,"href":"https:\/\/www.marmo-liandiki.gr\/en\/wp-json\/wp\/v2\/product\/32294\/revisions\/33347"}],"wp:featuredmedia":[{"embeddable":true,"href":"https:\/\/www.marmo-liandiki.gr\/en\/wp-json\/wp\/v2\/media\/32293"}],"wp:attachment":[{"href":"https:\/\/www.marmo-liandiki.gr\/en\/wp-json\/wp\/v2\/media?parent=32294"}],"wp:term":[{"taxonomy":"product_brand","embeddable":true,"href":"https:\/\/www.marmo-liandiki.gr\/en\/wp-json\/wp\/v2\/product_brand?post=32294"},{"taxonomy":"product_cat","embeddable":true,"href":"https:\/\/www.marmo-liandiki.gr\/en\/wp-json\/wp\/v2\/product_cat?post=32294"},{"taxonomy":"product_tag","embeddable":true,"href":"https:\/\/www.marmo-liandiki.gr\/en\/wp-json\/wp\/v2\/product_tag?post=32294"}],"curies":[{"name":"wp","href":"https:\/\/api.w.org\/{rel}","templated":true}]}}